{"id":23,"date":"2015-08-03T14:46:56","date_gmt":"2015-08-03T14:46:56","guid":{"rendered":"http:\/\/www.firstqualitychemicals.com\/?page_id=23"},"modified":"2021-01-04T17:16:26","modified_gmt":"2021-01-04T23:16:26","slug":"unete-a-fqc","status":"publish","type":"page","link":"https:\/\/www.firstqualitychemicals.com\/en\/unete-a-fqc\/","title":{"rendered":"Join the team"},"content":{"rendered":"<p>[vc_row][vc_column width=&#8221;1\/12&#8243;][\/vc_column][vc_column width=&#8221;5\/6&#8243;][vc_row_inner][vc_column_inner][vc_column_text]<\/p>\n<h4 style=\"text-align: center;\"><span style=\"color: #ff6600;\"><strong>We&#8217;re one of the best companies to work for in Mexico! <\/strong><\/span><\/h4>\n<p style=\"text-align: justify;\">First Quality Chemicals is a dynamic group of employees passionate about both their work and their customers. We love what we do and we are always seeking for new ways to grow as an organization. We are looking for highly intelligent &amp; motivated people that have the entrepreneurial drive to succeed by never backing down from challenges and by constantly implementing different actions to make our company better.\u00a0 If you share this same passion and want to be part of our great team, contact us.<\/p>\n<p>&nbsp;<\/p>\n<p style=\"text-align: center;\">Send your resume to the following email addresses:<\/p>\n<p style=\"text-align: center;\"><span style=\"color: #ff6600;\"><strong>rh1@firstqualitychemicals.com<\/strong><\/span><\/p>\n<p style=\"text-align: center;\"><span style=\"color: #ff6600;\"><strong>rh2@firstqualitychemicals.com<\/strong><\/span><\/p>\n<p>&nbsp;<\/p>\n<p style=\"text-align: center;\">Our HR recruiters will give you more information about current vacancies.<\/p>\n<p style=\"text-align: center;\">Thank you for your interest in becoming part of the FQC family!<\/p>\n<p>&nbsp;<\/p>\n<p style=\"text-align: center;\"><a href=\"https:\/\/www.firstqualitychemicals.com\/wp-content\/uploads\/2019\/12\/GPTW.jpg\"><img decoding=\"async\" loading=\"lazy\" class=\"alignnone wp-image-3620\" src=\"https:\/\/www.firstqualitychemicals.com\/wp-content\/uploads\/2019\/12\/GPTW.jpg\" alt=\"\" width=\"591\" height=\"336\" \/><\/a><\/p>\n<p>[\/vc_column_text][\/vc_column_inner][\/vc_row_inner][\/vc_column][vc_column width=&#8221;1\/12&#8243;][\/vc_column][\/vc_row][vc_row][vc_column][vc_column_text]<\/p>\n<div style=\"text-align: center;\">\n<div style=\"background: white; line-height: normal; margin-bottom: 0cm;\" align=\"center\"><span style=\"color: #ff6600;\"><span style=\"font-size: 14pt; color: #000080;\"><span style=\"font-family: georgia, 'times new roman', serif;\"><b>Follow us!<\/b><\/span><\/span><\/span><\/div>\n<div style=\"background: white; line-height: normal; margin-bottom: 0cm;\" align=\"center\">\n<div style=\"text-align: center;\">\n<h2 style=\"background: white; line-height: normal; margin-bottom: 0cm;\" align=\"center\"><b style=\"color: #ff6600; font-size: 14px;\"><span style=\"background-color: white; font-family: 'times new roman'; font-size: small;\"><span style=\"color: #ff6600;\"><b><a style=\"font-family: 'times new roman'; color: #ff6600;\" href=\"https:\/\/www.linkedin.com\/company\/2669409\/\" target=\"_blank\" rel=\"noopener noreferrer\"><img decoding=\"async\" loading=\"lazy\" class=\"\" src=\"https:\/\/www.firstqualitychemicals.com\/wp-content\/uploads\/2020\/12\/LKDN-scaled-e1608073531848.jpg\" width=\"70\" height=\"67\" border=\"0\" data-original-height=\"48\" data-original-width=\"47\" \/><\/a>\u00a0\u00a0<a style=\"font-family: 'times new roman'; color: #ff6600;\" href=\"https:\/\/twitter.com\/FQChemicals\" target=\"_blank\" rel=\"noopener noreferrer\"><img decoding=\"async\" loading=\"lazy\" class=\"\" src=\"https:\/\/www.firstqualitychemicals.com\/wp-content\/uploads\/2020\/12\/TW-scaled-e1608073490743.jpg\" width=\"70\" height=\"69\" border=\"0\" data-original-height=\"52\" data-original-width=\"51\" \/><\/a>\u00a0\u00a0<span style=\"font-family: georgia, 'times new roman', serif;\"><a style=\"background-color: white; font-size: medium; color: #ff6600;\" href=\"https:\/\/www.facebook.com\/FirstQualityChemicals\/\" target=\"_blank\" rel=\"noopener noreferrer\"><img decoding=\"async\" loading=\"lazy\" class=\"\" src=\"https:\/\/www.firstqualitychemicals.com\/wp-content\/uploads\/2020\/12\/FB-scaled-e1608073574820.jpg\" width=\"70\" height=\"70\" border=\"0\" data-original-height=\"50\" data-original-width=\"49\" \/><\/a><a href=\"https:\/\/www.youtube.com\/user\/FirstQualityChem\"><img decoding=\"async\" loading=\"lazy\" class=\"wp-image-5324 alignnone\" src=\"https:\/\/www.firstqualitychemicals.com\/wp-content\/uploads\/2020\/12\/YT-scaled-e1608073424779.jpg\" alt=\"\" width=\"70\" height=\"69\" \/><\/a><\/span><\/b><\/span><\/span><\/b><\/h2>\n<\/div>\n<div style=\"text-align: center;\">\n<div style=\"text-align: justify;\">\n<div style=\"text-align: center;\">\n<p style=\"text-align: center;\"><span style=\"color: #000080; font-family: georgia, 'times new roman', serif;\"><b>Chemicals distributors in Mexico<\/b><\/span><\/p>\n<\/div>\n<\/div>\n<\/div>\n<\/div>\n<\/div>\n<p>[\/vc_column_text][\/vc_column][\/vc_row]<\/p>","protected":false},"excerpt":{"rendered":"<p>[vc_row][vc_column width=&#8221;1\/12&#8243;][\/vc_column][vc_column width=&#8221;5\/6&#8243;][vc_row_inner][vc_column_inner][vc_column_text] We&#8217;re one of the best companies to work for in Mexico! First Quality Chemicals is a dynamic group of employees passionate about both their work and their customers. We love what we do and we are always seeking for new ways to grow as an organization. We are looking for highly intelligent&nbsp; <a href=\"https:\/\/www.firstqualitychemicals.com\/en\/unete-a-fqc\/\">&hellip; Read more <i class=\"glyphicon glyphicon-arrow-right\"><\/i><\/a><\/p>\n","protected":false},"author":1,"featured_media":4591,"parent":0,"menu_order":0,"comment_status":"open","ping_status":"open","template":"sin-columnas.php","meta":{"footnotes":""},"yoast_head":"<!-- This site is optimized with the Yoast SEO plugin v21.0 - https:\/\/yoast.com\/wordpress\/plugins\/seo\/ -->\n<title>Join the team - First Quality Chemicals<\/title>\n<meta name=\"description\" content=\"\u00a1\u00danete a First Quality Chemicals! Somos un grupo din\u00e1mico apasionados por nuestro trabajo y por nuestros clientes. Si deseas unirte al equipo, cont\u00e1ctanos.\" \/>\n<meta name=\"robots\" content=\"index, follow, max-snippet:-1, max-image-preview:large, max-video-preview:-1\" \/>\n<link rel=\"canonical\" href=\"https:\/\/www.firstqualitychemicals.com\/en\/unete-a-fqc\/\" \/>\n<meta property=\"og:locale\" content=\"en_US\" \/>\n<meta property=\"og:type\" content=\"article\" \/>\n<meta property=\"og:title\" content=\"Join the team - First Quality Chemicals\" \/>\n<meta property=\"og:description\" content=\"\u00a1\u00danete a First Quality Chemicals! Somos un grupo din\u00e1mico apasionados por nuestro trabajo y por nuestros clientes. Si deseas unirte al equipo, cont\u00e1ctanos.\" \/>\n<meta property=\"og:url\" content=\"https:\/\/www.firstqualitychemicals.com\/en\/unete-a-fqc\/\" \/>\n<meta property=\"og:site_name\" content=\"First Quality Chemicals\" \/>\n<meta property=\"article:publisher\" content=\"https:\/\/www.facebook.com\/FirstQualityChemicals\" \/>\n<meta property=\"article:modified_time\" content=\"2021-01-04T23:16:26+00:00\" \/>\n<meta property=\"og:image\" content=\"https:\/\/www.firstqualitychemicals.com\/wp-content\/uploads\/2020\/06\/Fondo-colores-01-scaled.jpg\" \/>\n\t<meta property=\"og:image:width\" content=\"2560\" \/>\n\t<meta property=\"og:image:height\" content=\"417\" \/>\n\t<meta property=\"og:image:type\" content=\"image\/jpeg\" \/>\n<meta name=\"twitter:card\" content=\"summary_large_image\" \/>\n<meta name=\"twitter:label1\" content=\"Est. reading time\" \/>\n\t<meta name=\"twitter:data1\" content=\"2 minutes\" \/>\n<script type=\"application\/ld+json\" class=\"yoast-schema-graph\">{\"@context\":\"https:\/\/schema.org\",\"@graph\":[{\"@type\":\"WebPage\",\"@id\":\"https:\/\/www.firstqualitychemicals.com\/en\/unete-a-fqc\/\",\"url\":\"https:\/\/www.firstqualitychemicals.com\/en\/unete-a-fqc\/\",\"name\":\"Join the team - First Quality Chemicals\",\"isPartOf\":{\"@id\":\"https:\/\/www.firstqualitychemicals.com\/en\/#website\"},\"datePublished\":\"2015-08-03T14:46:56+00:00\",\"dateModified\":\"2021-01-04T23:16:26+00:00\",\"description\":\"\u00a1\u00danete a First Quality Chemicals! Somos un grupo din\u00e1mico apasionados por nuestro trabajo y por nuestros clientes. Si deseas unirte al equipo, cont\u00e1ctanos.\",\"breadcrumb\":{\"@id\":\"https:\/\/www.firstqualitychemicals.com\/en\/unete-a-fqc\/#breadcrumb\"},\"inLanguage\":\"en-US\",\"potentialAction\":[{\"@type\":\"ReadAction\",\"target\":[[\"https:\/\/www.firstqualitychemicals.com\/en\/unete-a-fqc\/\"]]}]},{\"@type\":\"BreadcrumbList\",\"@id\":\"https:\/\/www.firstqualitychemicals.com\/en\/unete-a-fqc\/#breadcrumb\",\"itemListElement\":[{\"@type\":\"ListItem\",\"position\":1,\"name\":\"Portada\",\"item\":\"https:\/\/www.firstqualitychemicals.com\/en\/\"},{\"@type\":\"ListItem\",\"position\":2,\"name\":\"\u00danete al equipo\"}]},{\"@type\":\"WebSite\",\"@id\":\"https:\/\/www.firstqualitychemicals.com\/en\/#website\",\"url\":\"https:\/\/www.firstqualitychemicals.com\/en\/\",\"name\":\"First Quality Chemicals\",\"description\":\"Best quality in your hands\",\"potentialAction\":[{\"@type\":\"SearchAction\",\"target\":{\"@type\":\"EntryPoint\",\"urlTemplate\":\"https:\/\/www.firstqualitychemicals.com\/en\/?s={search_term_string}\"},\"query-input\":\"required name=search_term_string\"}],\"inLanguage\":\"en-US\"}]}<\/script>\n<!-- \/ Yoast SEO plugin. -->","yoast_head_json":{"title":"Join the team - First Quality Chemicals","description":"\u00a1\u00danete a First Quality Chemicals! Somos un grupo din\u00e1mico apasionados por nuestro trabajo y por nuestros clientes. Si deseas unirte al equipo, cont\u00e1ctanos.","robots":{"index":"index","follow":"follow","max-snippet":"max-snippet:-1","max-image-preview":"max-image-preview:large","max-video-preview":"max-video-preview:-1"},"canonical":"https:\/\/www.firstqualitychemicals.com\/en\/unete-a-fqc\/","og_locale":"en_US","og_type":"article","og_title":"Join the team - First Quality Chemicals","og_description":"\u00a1\u00danete a First Quality Chemicals! Somos un grupo din\u00e1mico apasionados por nuestro trabajo y por nuestros clientes. Si deseas unirte al equipo, cont\u00e1ctanos.","og_url":"https:\/\/www.firstqualitychemicals.com\/en\/unete-a-fqc\/","og_site_name":"First Quality Chemicals","article_publisher":"https:\/\/www.facebook.com\/FirstQualityChemicals","article_modified_time":"2021-01-04T23:16:26+00:00","og_image":[{"width":2560,"height":417,"url":"https:\/\/www.firstqualitychemicals.com\/wp-content\/uploads\/2020\/06\/Fondo-colores-01-scaled.jpg","type":"image\/jpeg"}],"twitter_card":"summary_large_image","twitter_misc":{"Est. reading time":"2 minutes"},"schema":{"@context":"https:\/\/schema.org","@graph":[{"@type":"WebPage","@id":"https:\/\/www.firstqualitychemicals.com\/en\/unete-a-fqc\/","url":"https:\/\/www.firstqualitychemicals.com\/en\/unete-a-fqc\/","name":"Join the team - First Quality Chemicals","isPartOf":{"@id":"https:\/\/www.firstqualitychemicals.com\/en\/#website"},"datePublished":"2015-08-03T14:46:56+00:00","dateModified":"2021-01-04T23:16:26+00:00","description":"\u00a1\u00danete a First Quality Chemicals! Somos un grupo din\u00e1mico apasionados por nuestro trabajo y por nuestros clientes. Si deseas unirte al equipo, cont\u00e1ctanos.","breadcrumb":{"@id":"https:\/\/www.firstqualitychemicals.com\/en\/unete-a-fqc\/#breadcrumb"},"inLanguage":"en-US","potentialAction":[{"@type":"ReadAction","target":[["https:\/\/www.firstqualitychemicals.com\/en\/unete-a-fqc\/"]]}]},{"@type":"BreadcrumbList","@id":"https:\/\/www.firstqualitychemicals.com\/en\/unete-a-fqc\/#breadcrumb","itemListElement":[{"@type":"ListItem","position":1,"name":"Portada","item":"https:\/\/www.firstqualitychemicals.com\/en\/"},{"@type":"ListItem","position":2,"name":"\u00danete al equipo"}]},{"@type":"WebSite","@id":"https:\/\/www.firstqualitychemicals.com\/en\/#website","url":"https:\/\/www.firstqualitychemicals.com\/en\/","name":"First Quality Chemicals","description":"Best quality in your hands","potentialAction":[{"@type":"SearchAction","target":{"@type":"EntryPoint","urlTemplate":"https:\/\/www.firstqualitychemicals.com\/en\/?s={search_term_string}"},"query-input":"required name=search_term_string"}],"inLanguage":"en-US"}]}},"rttpg_featured_image_url":{"full":["https:\/\/www.firstqualitychemicals.com\/wp-content\/uploads\/2020\/06\/Fondo-colores-01-scaled.jpg",2560,417,false],"landscape":["https:\/\/www.firstqualitychemicals.com\/wp-content\/uploads\/2020\/06\/Fondo-colores-01-scaled.jpg",2560,417,false],"portraits":["https:\/\/www.firstqualitychemicals.com\/wp-content\/uploads\/2020\/06\/Fondo-colores-01-scaled.jpg",2560,417,false],"thumbnail":["https:\/\/www.firstqualitychemicals.com\/wp-content\/uploads\/2020\/06\/Fondo-colores-01-170x150.jpg",170,150,true],"medium":["https:\/\/www.firstqualitychemicals.com\/wp-content\/uploads\/2020\/06\/Fondo-colores-01-470x77.jpg",470,77,true],"large":["https:\/\/www.firstqualitychemicals.com\/wp-content\/uploads\/2020\/06\/Fondo-colores-01-970x158.jpg",600,98,true],"1536x1536":["https:\/\/www.firstqualitychemicals.com\/wp-content\/uploads\/2020\/06\/Fondo-colores-01-1536x250.jpg",1536,250,true],"2048x2048":["https:\/\/www.firstqualitychemicals.com\/wp-content\/uploads\/2020\/06\/Fondo-colores-01-2048x334.jpg",2048,334,true]},"rttpg_author":{"display_name":"admin","author_link":"https:\/\/www.firstqualitychemicals.com\/en\/author\/admin\/"},"rttpg_comment":0,"rttpg_category":null,"rttpg_excerpt":"[vc_row][vc_column width=&#8221;1\/12&#8243;][\/vc_column][vc_column width=&#8221;5\/6&#8243;][vc_row_inner][vc_column_inner][vc_column_text] We&#8217;re one of the best companies to work for in Mexico! First Quality Chemicals is a dynamic group of employees passionate about both their work and their customers. We love what we do and we are always seeking for new ways to grow as an organization. We are looking for highly intelligent&nbsp;&hellip;","_links":{"self":[{"href":"https:\/\/www.firstqualitychemicals.com\/en\/wp-json\/wp\/v2\/pages\/23"}],"collection":[{"href":"https:\/\/www.firstqualitychemicals.com\/en\/wp-json\/wp\/v2\/pages"}],"about":[{"href":"https:\/\/www.firstqualitychemicals.com\/en\/wp-json\/wp\/v2\/types\/page"}],"author":[{"embeddable":true,"href":"https:\/\/www.firstqualitychemicals.com\/en\/wp-json\/wp\/v2\/users\/1"}],"replies":[{"embeddable":true,"href":"https:\/\/www.firstqualitychemicals.com\/en\/wp-json\/wp\/v2\/comments?post=23"}],"version-history":[{"count":25,"href":"https:\/\/www.firstqualitychemicals.com\/en\/wp-json\/wp\/v2\/pages\/23\/revisions"}],"predecessor-version":[{"id":5421,"href":"https:\/\/www.firstqualitychemicals.com\/en\/wp-json\/wp\/v2\/pages\/23\/revisions\/5421"}],"wp:featuredmedia":[{"embeddable":true,"href":"https:\/\/www.firstqualitychemicals.com\/en\/wp-json\/wp\/v2\/media\/4591"}],"wp:attachment":[{"href":"https:\/\/www.firstqualitychemicals.com\/en\/wp-json\/wp\/v2\/media?parent=23"}],"curies":[{"name":"wp","href":"https:\/\/api.w.org\/{rel}","templated":true}]}}