{"id":896,"date":"2018-02-13T00:01:41","date_gmt":"2018-02-13T00:01:41","guid":{"rendered":"http:\/\/www.firstqualitychemicals.com\/?page_id=896"},"modified":"2024-02-21T13:27:23","modified_gmt":"2024-02-21T19:27:23","slug":"nosotros_first_quality_chemicals","status":"publish","type":"page","link":"https:\/\/www.firstqualitychemicals.com\/en\/nosotros_first_quality_chemicals\/","title":{"rendered":"About Us"},"content":{"rendered":"<p>[vc_row][vc_column width=&#8221;1\/6&#8243;][\/vc_column][vc_column width=&#8221;2\/3&#8243;][vc_column_text css_animation=&#8221;none&#8221;]<\/p>\n<h5 style=\"text-align: left;\">We have\u00a0<strong><span style=\"color: #ff9900;\">25 years<\/span><\/strong> of experience in the <strong><span style=\"color: #ff9900;\">distribution of specialty chemicals in Mexico<\/span><\/strong>. We&#8217;re determined to make you live a unique and incomparable experience through the <strong>dedication<\/strong> and <strong>passion<\/strong> that each member brings into their <strong>service<\/strong> and the most <strong>innovative<\/strong> and the highest <strong>quality<\/strong> products to help you materialize your <strong><span style=\"color: #ff9900;\">dreams<\/span> <\/strong>with disruptive, unique and customized solutions.<\/h5>\n<h5 style=\"text-align: left;\">All of our products are <strong>guaranteed<\/strong> and highly <strong>recommended<\/strong> by the <strong><span style=\"color: #ff9900;\">multinational companies<\/span><\/strong> we proudly represent, being the <strong><span style=\"color: #ff9900;\">No. 1<\/span><\/strong> <strong>blowing agents<\/strong> for plastics and <strong>BHT<\/strong> antioxidant selling company in <strong>Mexico<\/strong>.<\/h5>\n<h5 style=\"text-align: left;\">Share your needs! We&#8217;d love to work on your most important projects!<\/h5>\n<p>[\/vc_column_text][\/vc_column][vc_column width=&#8221;1\/6&#8243;][\/vc_column][\/vc_row][vc_row][vc_column][vc_column_text]<\/p>\n<h5 style=\"text-align: center;\"><span style=\"color: #00ccff;\"><strong>We count with:<\/strong><\/span><\/h5>\n<p>[\/vc_column_text][vc_row_inner][vc_column_inner width=&#8221;1\/6&#8243;][\/vc_column_inner][vc_column_inner width=&#8221;1\/6&#8243;][vc_icon icon_fontawesome=&#8221;fa fa-truck&#8221; color=&#8221;white&#8221; background_style=&#8221;rounded&#8221; background_color=&#8221;blue&#8221; align=&#8221;center&#8221;][vc_column_text]<\/p>\n<h4 style=\"text-align: center;\"><strong>3<\/strong> DC (distribution centers)<\/h4>\n<p>[\/vc_column_text][\/vc_column_inner][vc_column_inner width=&#8221;1\/6&#8243;][vc_icon icon_fontawesome=&#8221;fa fa-search&#8221; color=&#8221;white&#8221; background_style=&#8221;rounded&#8221; background_color=&#8221;blue&#8221; align=&#8221;center&#8221;][vc_column_text]<\/p>\n<h4 style=\"text-align: center;\"><strong>1<\/strong> application&#8217;s laboratory<\/h4>\n<p>[\/vc_column_text][\/vc_column_inner][vc_column_inner width=&#8221;1\/6&#8243;][vc_icon icon_fontawesome=&#8221;fa fa-flask&#8221; color=&#8221;white&#8221; background_style=&#8221;rounded&#8221; background_color=&#8221;blue&#8221; align=&#8221;center&#8221;][vc_column_text]<\/p>\n<h4 style=\"text-align: center;\">More than <strong>1250 <\/strong>specialty chemicals<\/h4>\n<p>[\/vc_column_text][\/vc_column_inner][vc_column_inner width=&#8221;1\/6&#8243;][vc_icon icon_fontawesome=&#8221;fa fa-user&#8221; color=&#8221;white&#8221; background_style=&#8221;rounded&#8221; background_color=&#8221;blue&#8221; align=&#8221;center&#8221;][vc_column_text]<\/p>\n<h4 style=\"text-align: center;\">More than <strong>1000 <\/strong>clients<\/h4>\n<p>[\/vc_column_text][\/vc_column_inner][vc_column_inner width=&#8221;1\/6&#8243;][\/vc_column_inner][\/vc_row_inner][\/vc_column][\/vc_row][vc_row][vc_column][vc_column_text]<\/p>\n<h5 style=\"text-align: center;\"><span style=\"color: #00ccff;\"><strong>We&#8217;re certified by:<\/strong><\/span><\/h5>\n<p>[\/vc_column_text][vc_row_inner][vc_column_inner width=&#8221;1\/6&#8243;][\/vc_column_inner][vc_column_inner width=&#8221;1\/6&#8243;][vc_single_image image=&#8221;5226&#8243; img_size=&#8221;medium&#8221; alignment=&#8221;center&#8221; onclick=&#8221;custom_link&#8221; img_link_target=&#8221;_blank&#8221; link=&#8221;https:\/\/www.firstqualitychemicals.com\/en\/certificaciones-gptw\/&#8221;][\/vc_column_inner][vc_column_inner width=&#8221;1\/6&#8243;][vc_column_text]<strong>GPTW Mexico &#8211; #1<\/strong> of the <strong>2019<\/strong> ranking<br \/>\n&#8220;The best companies to work for in Mexico&#8221;[\/vc_column_text][\/vc_column_inner][vc_column_inner width=&#8221;1\/6&#8243;][vc_single_image image=&#8221;5621&#8243; img_size=&#8221;full&#8221; alignment=&#8221;center&#8221; onclick=&#8221;custom_link&#8221; img_link_target=&#8221;_blank&#8221; link=&#8221;https:\/\/www.firstqualitychemicals.com\/en\/certificaciones-iso\/&#8221;][\/vc_column_inner][vc_column_inner width=&#8221;1\/6&#8243;][vc_column_text]<strong>ISO 9001:2015<\/strong>[\/vc_column_text][\/vc_column_inner][vc_column_inner width=&#8221;1\/6&#8243;][\/vc_column_inner][\/vc_row_inner][\/vc_column][\/vc_row][vc_row full_width=&#8221;stretch_row&#8221; el_class=&#8221;int-nosotros-row&#8221; css=&#8221;.vc_custom_1593040991068{background-color: #ffffff !important;background-position: center !important;background-repeat: no-repeat !important;background-size: cover !important;}&#8221;][vc_column width=&#8221;1\/12&#8243;][\/vc_column][vc_column width=&#8221;5\/6&#8243;][vc_separator color=&#8221;blue&#8221; style=&#8221;dotted&#8221; border_width=&#8221;4&#8243;][vc_column_text]<\/p>\n<h2 style=\"text-align: center;\"><strong><span style=\"color: #ffa100;\">PURPOSE<\/span><\/strong><\/h2>\n<p style=\"text-align: center;\"><span style=\"color: #000000;\">To grow and be happy alongside our customers in order to help them materialize their dreams so their products can make the world a better place.<\/span><\/p>\n<p>[\/vc_column_text][vc_media_grid element_width=&#8221;2&#8243; gap=&#8221;15&#8243; grid_id=&#8221;vc_gid:1708543627763-cac3dea0-1a0f-10&#8243; include=&#8221;4597,4598,4599,4600,4602,4603,4604,4605,4606,4608,4609,4614&#8243;][\/vc_column][vc_column width=&#8221;1\/12&#8243;][\/vc_column][\/vc_row][vc_row el_class=&#8221;valores-fila&#8221;][vc_column width=&#8221;1\/6&#8243;][\/vc_column][vc_column width=&#8221;2\/3&#8243;][vc_column_text css_animation=&#8221;none&#8221;]<\/p>\n<h3 style=\"text-align: center;\">At <strong>First Quality Chemicals<\/strong>, chemical distributor in Mexico, we live our values everyday:<\/h3>\n<p>[\/vc_column_text][vc_icon icon_fontawesome=&#8221;fa fa-heart&#8221; color=&#8221;custom&#8221; size=&#8221;xl&#8221; align=&#8221;center&#8221; custom_color=&#8221;#045298&#8243;][vc_tta_pageable no_fill_content_area=&#8221;1&#8243; autoplay=&#8221;3&#8243; active_section=&#8221;1&#8243; pagination_color=&#8221;orange&#8221; el_class=&#8221;valores-slide&#8221;][vc_tta_section title=&#8221;Secci\u00f3n 1&#8243; tab_id=&#8221;1522263162404-ac26cfca-78fc&#8221;][vc_column_text]<\/p>\n<h3 class=\"p1\" style=\"text-align: center;\"><span class=\"s1\">We make sure you live a WOW experience<\/span><\/h3>\n<p>[\/vc_column_text][\/vc_tta_section][vc_tta_section title=&#8221;Secci\u00f3n 2&#8243; tab_id=&#8221;1522263162464-94d15a38-1f74&#8243;][vc_column_text]<\/p>\n<h3 class=\"p1\" style=\"text-align: center;\"><span class=\"s1\">We passionately love what we do<\/span><\/h3>\n<p>[\/vc_column_text][\/vc_tta_section][vc_tta_section title=&#8221;Secci\u00f3n 2&#8243; tab_id=&#8221;1522263236186-d49417dc-52ac&#8221;][vc_column_text]<\/p>\n<h3 class=\"p1\" style=\"text-align: center;\"><span class=\"s1\">We take action and provoke change<\/span><\/h3>\n<p>[\/vc_column_text][\/vc_tta_section][vc_tta_section title=&#8221;Secci\u00f3n 2&#8243; tab_id=&#8221;1522263255402-f50e776b-620c&#8221;][vc_column_text]<\/p>\n<h3 class=\"p1\" style=\"text-align: center;\"><span class=\"s1\">We strive to be unique, disruptive and different<\/span><\/h3>\n<p>[\/vc_column_text][\/vc_tta_section][vc_tta_section title=&#8221;Secci\u00f3n 2&#8243; tab_id=&#8221;1522263267545-6e25f02b-ad4c&#8221;][vc_column_text]<\/p>\n<h3 class=\"p1\" style=\"text-align: center;\"><span class=\"s1\">We focus on the positive and spread happiness<\/span><\/h3>\n<p>[\/vc_column_text][\/vc_tta_section][vc_tta_section title=&#8221;Secci\u00f3n 2&#8243; tab_id=&#8221;1522268537859-1ea29c80-d752&#8243;][vc_column_text]<\/p>\n<h3 class=\"p1\" style=\"text-align: center;\"><span class=\"s1\">We don\u2019t quit, we find the way<\/span><\/h3>\n<p>[\/vc_column_text][\/vc_tta_section][vc_tta_section title=&#8221;Secci\u00f3n 2&#8243; tab_id=&#8221;1522268554155-d42ebd9a-f387&#8243;][vc_column_text]<\/p>\n<h3 class=\"p1\" style=\"text-align: center;\"><span class=\"s1\">We don\u2019t give up till you are happy<\/span><\/h3>\n<p>[\/vc_column_text][\/vc_tta_section][vc_tta_section title=&#8221;Secci\u00f3n 2&#8243; tab_id=&#8221;1522268564024-ece61e9b-48ca&#8221;][vc_column_text]<\/p>\n<h3 class=\"p1\" style=\"text-align: center;\"><span class=\"s1\">We shine while using our strengths in\u00a0<\/span><span class=\"s1\">everything we do<\/span><\/h3>\n<p>[\/vc_column_text][\/vc_tta_section][vc_tta_section title=&#8221;Secci\u00f3n 2&#8243; tab_id=&#8221;1522268579367-ca7d7b63-965f&#8221;][vc_column_text]<\/p>\n<h3 class=\"p1\" style=\"text-align: center;\"><span class=\"s1\">We are a high performance team and we go the extra mile<\/span><\/h3>\n<p>[\/vc_column_text][\/vc_tta_section][vc_tta_section title=&#8221;Secci\u00f3n 2&#8243; tab_id=&#8221;1522268613054-61c06448-7da2&#8243;][vc_column_text]<\/p>\n<h3 class=\"p1\" style=\"text-align: center;\"><span class=\"s1\">We love to learn<\/span><\/h3>\n<p>[\/vc_column_text][\/vc_tta_section][vc_tta_section title=&#8221;Secci\u00f3n 2&#8243; tab_id=&#8221;1522268625686-968897c0-371d&#8221;][vc_column_text]<\/p>\n<h3 class=\"p1\" style=\"text-align: center;\"><span class=\"s1\">We only add extraordinary people to our team<\/span><\/h3>\n<p>[\/vc_column_text][\/vc_tta_section][vc_tta_section title=&#8221;Secci\u00f3n 2&#8243; tab_id=&#8221;1522269376790-7aa778eb-29a9&#8243;][vc_column_text]<\/p>\n<h3 class=\"p1\" style=\"text-align: center;\"><span class=\"s1\">We are fun, laughter, and a little bit crazy<\/span><\/h3>\n<p>[\/vc_column_text][\/vc_tta_section][vc_tta_section title=&#8221;Secci\u00f3n 2&#8243; tab_id=&#8221;1522269389669-6020ad17-0535&#8243;][vc_column_text]<\/p>\n<h3 class=\"p1\" style=\"text-align: center;\"><span class=\"s1\">We are building a better world with our \u201dSharing Smiles\u201d program<\/span><\/h3>\n<p>[\/vc_column_text][\/vc_tta_section][\/vc_tta_pageable][\/vc_column][vc_column width=&#8221;1\/6&#8243;][\/vc_column][\/vc_row][vc_row full_width=&#8221;stretch_row&#8221; equal_height=&#8221;yes&#8221; content_placement=&#8221;middle&#8221; el_class=&#8221;calidad-fila&#8221; css=&#8221;.vc_custom_1593041475515{background-color: #dd8d13 !important;background-position: center !important;background-repeat: no-repeat !important;background-size: cover !important;}&#8221;][vc_column width=&#8221;1\/6&#8243; css=&#8221;.vc_custom_1522258108782{background-position: center !important;background-repeat: no-repeat !important;background-size: cover !important;}&#8221;][\/vc_column][vc_column width=&#8221;2\/3&#8243;][vc_column_text css_animation=&#8221;none&#8221;]<\/p>\n<h4 style=\"text-align: center;\"><strong>Quality Policy<\/strong><\/h4>\n<h5><strong>First Quality Chemicals<\/strong> as a specialty additives distributor, is dedicated to fully satisfy the needs and expectations of our customers through teamwork, constant employee training and development, and with the application of our quality management system and continuous improvement processes, adding creativity, innovation and passion for service at all times.<\/h5>\n<p>[\/vc_column_text][\/vc_column][vc_column width=&#8221;1\/6&#8243;][\/vc_column][\/vc_row][vc_row][vc_column][vc_column_text]<\/p>\n<div style=\"text-align: center;\">\n<div style=\"background: white; line-height: normal; margin-bottom: 0cm;\" align=\"center\"><span style=\"color: #ff6600;\"><span style=\"font-size: 14pt; color: #000080;\"><span style=\"font-family: georgia, 'times new roman', serif;\"><b>Follow us!<\/b><\/span><\/span><\/span><\/div>\n<div style=\"background: white; line-height: normal; margin-bottom: 0cm;\" align=\"center\">\n<div style=\"text-align: center;\">\n<h2 style=\"background: white; line-height: normal; margin-bottom: 0cm;\" align=\"center\"><b style=\"color: #ff6600; font-size: 14px;\"><span style=\"background-color: white; font-family: 'times new roman'; font-size: small;\"><span style=\"color: #ff6600;\"><b><a style=\"font-family: 'times new roman'; color: #ff6600;\" href=\"https:\/\/www.linkedin.com\/company\/2669409\/\" target=\"_blank\" rel=\"noopener noreferrer\"><img decoding=\"async\" loading=\"lazy\" class=\"\" src=\"https:\/\/www.firstqualitychemicals.com\/wp-content\/uploads\/2020\/12\/LKDN-scaled-e1608073531848.jpg\" width=\"70\" height=\"67\" border=\"0\" data-original-height=\"48\" data-original-width=\"47\" \/><\/a>\u00a0\u00a0<a style=\"font-family: 'times new roman'; color: #ff6600;\" href=\"https:\/\/twitter.com\/FQChemicals\" target=\"_blank\" rel=\"noopener noreferrer\"><img decoding=\"async\" loading=\"lazy\" class=\"\" src=\"https:\/\/www.firstqualitychemicals.com\/wp-content\/uploads\/2020\/12\/TW-scaled-e1608073490743.jpg\" width=\"70\" height=\"69\" border=\"0\" data-original-height=\"52\" data-original-width=\"51\" \/><\/a>\u00a0\u00a0<span style=\"font-family: georgia, 'times new roman', serif;\"><a style=\"background-color: white; font-size: medium; color: #ff6600;\" href=\"https:\/\/www.facebook.com\/FirstQualityChemicals\/\" target=\"_blank\" rel=\"noopener noreferrer\"><img decoding=\"async\" loading=\"lazy\" class=\"\" src=\"https:\/\/www.firstqualitychemicals.com\/wp-content\/uploads\/2020\/12\/FB-scaled-e1608073574820.jpg\" width=\"70\" height=\"70\" border=\"0\" data-original-height=\"50\" data-original-width=\"49\" \/><\/a><a href=\"https:\/\/www.youtube.com\/user\/FirstQualityChem\"><img decoding=\"async\" loading=\"lazy\" class=\"wp-image-5324 alignnone\" src=\"https:\/\/www.firstqualitychemicals.com\/wp-content\/uploads\/2020\/12\/YT-scaled-e1608073424779.jpg\" alt=\"\" width=\"70\" height=\"69\" \/><\/a><\/span><\/b><\/span><\/span><\/b><\/h2>\n<\/div>\n<div style=\"text-align: center;\">\n<div style=\"text-align: justify;\">\n<div style=\"text-align: center;\">\n<p style=\"text-align: center;\"><span style=\"color: #000080; font-family: georgia, 'times new roman', serif;\"><b>Chemicals distributors in Mexico<\/b><\/span><\/p>\n<\/div>\n<\/div>\n<\/div>\n<\/div>\n<\/div>\n<p>[\/vc_column_text][\/vc_column][\/vc_row]<\/p>","protected":false},"excerpt":{"rendered":"<p>[vc_row][vc_column width=&#8221;1\/6&#8243;][\/vc_column][vc_column width=&#8221;2\/3&#8243;][vc_column_text css_animation=&#8221;none&#8221;] We have\u00a025 years of experience in the distribution of specialty chemicals in Mexico. We&#8217;re determined to make you live a unique and incomparable experience through the dedication and passion that each member brings into their service and the most innovative and the highest quality products to help you materialize your dreams&nbsp; <a href=\"https:\/\/www.firstqualitychemicals.com\/en\/nosotros_first_quality_chemicals\/\">&hellip; Read more <i class=\"glyphicon glyphicon-arrow-right\"><\/i><\/a><\/p>\n","protected":false},"author":1,"featured_media":4591,"parent":0,"menu_order":0,"comment_status":"closed","ping_status":"closed","template":"interior-full.php","meta":{"footnotes":""},"yoast_head":"<!-- This site is optimized with the Yoast SEO plugin v21.0 - https:\/\/yoast.com\/wordpress\/plugins\/seo\/ -->\n<title>About Us - First Quality Chemicals<\/title>\n<meta name=\"description\" content=\"Tenemos 21 a\u00f1os de experiencia en la distribuci\u00f3n de especialidades qu\u00edmicas en M\u00e9xico. Nos enfocamos cada d\u00eda en hacerte vivir una experiencia WOW.\" \/>\n<meta name=\"robots\" content=\"index, follow, max-snippet:-1, max-image-preview:large, max-video-preview:-1\" \/>\n<link rel=\"canonical\" href=\"https:\/\/www.firstqualitychemicals.com\/en\/nosotros_first_quality_chemicals\/\" \/>\n<meta property=\"og:locale\" content=\"en_US\" \/>\n<meta property=\"og:type\" content=\"article\" \/>\n<meta property=\"og:title\" content=\"About Us - First Quality Chemicals\" \/>\n<meta property=\"og:description\" content=\"Tenemos 21 a\u00f1os de experiencia en la distribuci\u00f3n de especialidades qu\u00edmicas en M\u00e9xico. Nos enfocamos cada d\u00eda en hacerte vivir una experiencia WOW.\" \/>\n<meta property=\"og:url\" content=\"https:\/\/www.firstqualitychemicals.com\/en\/nosotros_first_quality_chemicals\/\" \/>\n<meta property=\"og:site_name\" content=\"First Quality Chemicals\" \/>\n<meta property=\"article:publisher\" content=\"https:\/\/www.facebook.com\/FirstQualityChemicals\" \/>\n<meta property=\"article:modified_time\" content=\"2024-02-21T19:27:23+00:00\" \/>\n<meta property=\"og:image\" content=\"https:\/\/www.firstqualitychemicals.com\/wp-content\/uploads\/2020\/06\/Fondo-colores-01-scaled.jpg\" \/>\n\t<meta property=\"og:image:width\" content=\"2560\" \/>\n\t<meta property=\"og:image:height\" content=\"417\" \/>\n\t<meta property=\"og:image:type\" content=\"image\/jpeg\" \/>\n<meta name=\"twitter:card\" content=\"summary_large_image\" \/>\n<meta name=\"twitter:label1\" content=\"Est. reading time\" \/>\n\t<meta name=\"twitter:data1\" content=\"4 minutes\" \/>\n<script type=\"application\/ld+json\" class=\"yoast-schema-graph\">{\"@context\":\"https:\/\/schema.org\",\"@graph\":[{\"@type\":\"WebPage\",\"@id\":\"https:\/\/www.firstqualitychemicals.com\/en\/nosotros_first_quality_chemicals\/\",\"url\":\"https:\/\/www.firstqualitychemicals.com\/en\/nosotros_first_quality_chemicals\/\",\"name\":\"About Us - First Quality Chemicals\",\"isPartOf\":{\"@id\":\"https:\/\/www.firstqualitychemicals.com\/en\/#website\"},\"datePublished\":\"2018-02-13T00:01:41+00:00\",\"dateModified\":\"2024-02-21T19:27:23+00:00\",\"description\":\"Tenemos 21 a\u00f1os de experiencia en la distribuci\u00f3n de especialidades qu\u00edmicas en M\u00e9xico. Nos enfocamos cada d\u00eda en hacerte vivir una experiencia WOW.\",\"breadcrumb\":{\"@id\":\"https:\/\/www.firstqualitychemicals.com\/en\/nosotros_first_quality_chemicals\/#breadcrumb\"},\"inLanguage\":\"en-US\",\"potentialAction\":[{\"@type\":\"ReadAction\",\"target\":[[\"https:\/\/www.firstqualitychemicals.com\/en\/nosotros_first_quality_chemicals\/\"]]}]},{\"@type\":\"BreadcrumbList\",\"@id\":\"https:\/\/www.firstqualitychemicals.com\/en\/nosotros_first_quality_chemicals\/#breadcrumb\",\"itemListElement\":[{\"@type\":\"ListItem\",\"position\":1,\"name\":\"Portada\",\"item\":\"https:\/\/www.firstqualitychemicals.com\/en\/\"},{\"@type\":\"ListItem\",\"position\":2,\"name\":\"Nosotros\"}]},{\"@type\":\"WebSite\",\"@id\":\"https:\/\/www.firstqualitychemicals.com\/en\/#website\",\"url\":\"https:\/\/www.firstqualitychemicals.com\/en\/\",\"name\":\"First Quality Chemicals\",\"description\":\"Best quality in your hands\",\"potentialAction\":[{\"@type\":\"SearchAction\",\"target\":{\"@type\":\"EntryPoint\",\"urlTemplate\":\"https:\/\/www.firstqualitychemicals.com\/en\/?s={search_term_string}\"},\"query-input\":\"required name=search_term_string\"}],\"inLanguage\":\"en-US\"}]}<\/script>\n<!-- \/ Yoast SEO plugin. -->","yoast_head_json":{"title":"About Us - First Quality Chemicals","description":"Tenemos 21 a\u00f1os de experiencia en la distribuci\u00f3n de especialidades qu\u00edmicas en M\u00e9xico. Nos enfocamos cada d\u00eda en hacerte vivir una experiencia WOW.","robots":{"index":"index","follow":"follow","max-snippet":"max-snippet:-1","max-image-preview":"max-image-preview:large","max-video-preview":"max-video-preview:-1"},"canonical":"https:\/\/www.firstqualitychemicals.com\/en\/nosotros_first_quality_chemicals\/","og_locale":"en_US","og_type":"article","og_title":"About Us - First Quality Chemicals","og_description":"Tenemos 21 a\u00f1os de experiencia en la distribuci\u00f3n de especialidades qu\u00edmicas en M\u00e9xico. Nos enfocamos cada d\u00eda en hacerte vivir una experiencia WOW.","og_url":"https:\/\/www.firstqualitychemicals.com\/en\/nosotros_first_quality_chemicals\/","og_site_name":"First Quality Chemicals","article_publisher":"https:\/\/www.facebook.com\/FirstQualityChemicals","article_modified_time":"2024-02-21T19:27:23+00:00","og_image":[{"width":2560,"height":417,"url":"https:\/\/www.firstqualitychemicals.com\/wp-content\/uploads\/2020\/06\/Fondo-colores-01-scaled.jpg","type":"image\/jpeg"}],"twitter_card":"summary_large_image","twitter_misc":{"Est. reading time":"4 minutes"},"schema":{"@context":"https:\/\/schema.org","@graph":[{"@type":"WebPage","@id":"https:\/\/www.firstqualitychemicals.com\/en\/nosotros_first_quality_chemicals\/","url":"https:\/\/www.firstqualitychemicals.com\/en\/nosotros_first_quality_chemicals\/","name":"About Us - First Quality Chemicals","isPartOf":{"@id":"https:\/\/www.firstqualitychemicals.com\/en\/#website"},"datePublished":"2018-02-13T00:01:41+00:00","dateModified":"2024-02-21T19:27:23+00:00","description":"Tenemos 21 a\u00f1os de experiencia en la distribuci\u00f3n de especialidades qu\u00edmicas en M\u00e9xico. Nos enfocamos cada d\u00eda en hacerte vivir una experiencia WOW.","breadcrumb":{"@id":"https:\/\/www.firstqualitychemicals.com\/en\/nosotros_first_quality_chemicals\/#breadcrumb"},"inLanguage":"en-US","potentialAction":[{"@type":"ReadAction","target":[["https:\/\/www.firstqualitychemicals.com\/en\/nosotros_first_quality_chemicals\/"]]}]},{"@type":"BreadcrumbList","@id":"https:\/\/www.firstqualitychemicals.com\/en\/nosotros_first_quality_chemicals\/#breadcrumb","itemListElement":[{"@type":"ListItem","position":1,"name":"Portada","item":"https:\/\/www.firstqualitychemicals.com\/en\/"},{"@type":"ListItem","position":2,"name":"Nosotros"}]},{"@type":"WebSite","@id":"https:\/\/www.firstqualitychemicals.com\/en\/#website","url":"https:\/\/www.firstqualitychemicals.com\/en\/","name":"First Quality Chemicals","description":"Best quality in your hands","potentialAction":[{"@type":"SearchAction","target":{"@type":"EntryPoint","urlTemplate":"https:\/\/www.firstqualitychemicals.com\/en\/?s={search_term_string}"},"query-input":"required name=search_term_string"}],"inLanguage":"en-US"}]}},"rttpg_featured_image_url":{"full":["https:\/\/www.firstqualitychemicals.com\/wp-content\/uploads\/2020\/06\/Fondo-colores-01-scaled.jpg",2560,417,false],"landscape":["https:\/\/www.firstqualitychemicals.com\/wp-content\/uploads\/2020\/06\/Fondo-colores-01-scaled.jpg",2560,417,false],"portraits":["https:\/\/www.firstqualitychemicals.com\/wp-content\/uploads\/2020\/06\/Fondo-colores-01-scaled.jpg",2560,417,false],"thumbnail":["https:\/\/www.firstqualitychemicals.com\/wp-content\/uploads\/2020\/06\/Fondo-colores-01-170x150.jpg",170,150,true],"medium":["https:\/\/www.firstqualitychemicals.com\/wp-content\/uploads\/2020\/06\/Fondo-colores-01-470x77.jpg",470,77,true],"large":["https:\/\/www.firstqualitychemicals.com\/wp-content\/uploads\/2020\/06\/Fondo-colores-01-970x158.jpg",600,98,true],"1536x1536":["https:\/\/www.firstqualitychemicals.com\/wp-content\/uploads\/2020\/06\/Fondo-colores-01-1536x250.jpg",1536,250,true],"2048x2048":["https:\/\/www.firstqualitychemicals.com\/wp-content\/uploads\/2020\/06\/Fondo-colores-01-2048x334.jpg",2048,334,true]},"rttpg_author":{"display_name":"admin","author_link":"https:\/\/www.firstqualitychemicals.com\/en\/author\/admin\/"},"rttpg_comment":0,"rttpg_category":null,"rttpg_excerpt":"[vc_row][vc_column width=&#8221;1\/6&#8243;][\/vc_column][vc_column width=&#8221;2\/3&#8243;][vc_column_text css_animation=&#8221;none&#8221;] We have\u00a025 years of experience in the distribution of specialty chemicals in Mexico. We&#8217;re determined to make you live a unique and incomparable experience through the dedication and passion that each member brings into their service and the most innovative and the highest quality products to help you materialize your dreams&nbsp;&hellip;","_links":{"self":[{"href":"https:\/\/www.firstqualitychemicals.com\/en\/wp-json\/wp\/v2\/pages\/896"}],"collection":[{"href":"https:\/\/www.firstqualitychemicals.com\/en\/wp-json\/wp\/v2\/pages"}],"about":[{"href":"https:\/\/www.firstqualitychemicals.com\/en\/wp-json\/wp\/v2\/types\/page"}],"author":[{"embeddable":true,"href":"https:\/\/www.firstqualitychemicals.com\/en\/wp-json\/wp\/v2\/users\/1"}],"replies":[{"embeddable":true,"href":"https:\/\/www.firstqualitychemicals.com\/en\/wp-json\/wp\/v2\/comments?post=896"}],"version-history":[{"count":105,"href":"https:\/\/www.firstqualitychemicals.com\/en\/wp-json\/wp\/v2\/pages\/896\/revisions"}],"predecessor-version":[{"id":7276,"href":"https:\/\/www.firstqualitychemicals.com\/en\/wp-json\/wp\/v2\/pages\/896\/revisions\/7276"}],"wp:featuredmedia":[{"embeddable":true,"href":"https:\/\/www.firstqualitychemicals.com\/en\/wp-json\/wp\/v2\/media\/4591"}],"wp:attachment":[{"href":"https:\/\/www.firstqualitychemicals.com\/en\/wp-json\/wp\/v2\/media?parent=896"}],"curies":[{"name":"wp","href":"https:\/\/api.w.org\/{rel}","templated":true}]}}